{"id":1499,"date":"2023-11-30T17:51:04","date_gmt":"2023-11-30T17:51:04","guid":{"rendered":"https:\/\/armour.ca\/entreposage-et-logistique\/"},"modified":"2024-12-12T16:01:12","modified_gmt":"2024-12-12T16:01:12","slug":"entreposage-et-logistique","status":"publish","type":"page","link":"https:\/\/armour.ca\/fr\/entreposage-et-logistique\/","title":{"rendered":"Entreposage et logistique"},"content":{"rendered":"","protected":false},"excerpt":{"rendered":"","protected":false},"author":1,"featured_media":0,"parent":0,"menu_order":0,"comment_status":"closed","ping_status":"closed","template":"","meta":{"_acf_changed":false,"footnotes":""},"class_list":["post-1499","page","type-page","status-publish","hentry"],"acf":[],"yoast_head":"<!-- This site is optimized with the Yoast SEO plugin v27.2 - https:\/\/yoast.com\/product\/yoast-seo-wordpress\/ -->\r\n<title>Entreposage et logistique | Groupe de transport Armour<\/title>\r\n<meta name=\"description\" content=\"Avec certains des plus grands entrep\u00f4ts du Canada atlantique et un r\u00e9seau mondial de partenaires, les Services logistiques Armour offrent des solutions de cha\u00eene d&#039;approvisionnement de bout en bout.\" \/>\r\n<meta name=\"robots\" content=\"index, follow, max-snippet:-1, max-image-preview:large, max-video-preview:-1\" \/>\r\n<link rel=\"canonical\" href=\"https:\/\/armour.ca\/fr\/entreposage-et-logistique\/\" \/>\r\n<meta property=\"og:locale\" content=\"fr_FR\" \/>\r\n<meta property=\"og:type\" content=\"article\" \/>\r\n<meta property=\"og:title\" content=\"Entreposage et logistique | Groupe de transport Armour\" \/>\r\n<meta property=\"og:description\" content=\"Avec certains des plus grands entrep\u00f4ts du Canada atlantique et un r\u00e9seau mondial de partenaires, les Services logistiques Armour offrent des solutions de cha\u00eene d&#039;approvisionnement de bout en bout.\" \/>\r\n<meta property=\"og:url\" content=\"https:\/\/armour.ca\/fr\/entreposage-et-logistique\/\" \/>\r\n<meta property=\"og:site_name\" content=\"Armour Transportation Systems\" \/>\r\n<meta property=\"article:publisher\" content=\"https:\/\/www.facebook.com\/armourtransport1\/\" \/>\r\n<meta property=\"article:modified_time\" content=\"2024-12-12T16:01:12+00:00\" \/>\r\n<meta name=\"twitter:card\" content=\"summary_large_image\" \/>\r\n<script type=\"application\/ld+json\" class=\"yoast-schema-graph\">{\"@context\":\"https:\/\/schema.org\",\"@graph\":[{\"@type\":\"WebPage\",\"@id\":\"https:\/\/armour.ca\/fr\/entreposage-et-logistique\/\",\"url\":\"https:\/\/armour.ca\/fr\/entreposage-et-logistique\/\",\"name\":\"Entreposage et logistique | Groupe de transport Armour\",\"isPartOf\":{\"@id\":\"https:\/\/armour.ca\/fr\/#website\"},\"datePublished\":\"2023-11-30T17:51:04+00:00\",\"dateModified\":\"2024-12-12T16:01:12+00:00\",\"description\":\"Avec certains des plus grands entrep\u00f4ts du Canada atlantique et un r\u00e9seau mondial de partenaires, les Services logistiques Armour offrent des solutions de cha\u00eene d'approvisionnement de bout en bout.\",\"breadcrumb\":{\"@id\":\"https:\/\/armour.ca\/fr\/entreposage-et-logistique\/#breadcrumb\"},\"inLanguage\":\"fr-FR\",\"potentialAction\":[{\"@type\":\"ReadAction\",\"target\":[\"https:\/\/armour.ca\/fr\/entreposage-et-logistique\/\"]}]},{\"@type\":\"BreadcrumbList\",\"@id\":\"https:\/\/armour.ca\/fr\/entreposage-et-logistique\/#breadcrumb\",\"itemListElement\":[{\"@type\":\"ListItem\",\"position\":1,\"name\":\"Home\",\"item\":\"https:\/\/armour.ca\/fr\/accueil\/\"},{\"@type\":\"ListItem\",\"position\":2,\"name\":\"Entreposage et logistique\"}]},{\"@type\":\"WebSite\",\"@id\":\"https:\/\/armour.ca\/fr\/#website\",\"url\":\"https:\/\/armour.ca\/fr\/\",\"name\":\"Seaboard\",\"description\":\"\",\"publisher\":{\"@id\":\"https:\/\/armour.ca\/fr\/#organization\"},\"potentialAction\":[{\"@type\":\"SearchAction\",\"target\":{\"@type\":\"EntryPoint\",\"urlTemplate\":\"https:\/\/armour.ca\/fr\/?s={search_term_string}\"},\"query-input\":{\"@type\":\"PropertyValueSpecification\",\"valueRequired\":true,\"valueName\":\"search_term_string\"}}],\"inLanguage\":\"fr-FR\"},{\"@type\":\"Organization\",\"@id\":\"https:\/\/armour.ca\/fr\/#organization\",\"name\":\"Seaboard\",\"url\":\"https:\/\/armour.ca\/fr\/\",\"logo\":{\"@type\":\"ImageObject\",\"inLanguage\":\"fr-FR\",\"@id\":\"https:\/\/armour.ca\/fr\/#\/schema\/logo\/image\/\",\"url\":\"https:\/\/dev.trypmserver.com\/seaboard\/wp-content\/uploads\/2023\/11\/logo.png\",\"contentUrl\":\"https:\/\/dev.trypmserver.com\/seaboard\/wp-content\/uploads\/2023\/11\/logo.png\",\"width\":344,\"height\":52,\"caption\":\"Seaboard\"},\"image\":{\"@id\":\"https:\/\/armour.ca\/fr\/#\/schema\/logo\/image\/\"},\"sameAs\":[\"https:\/\/www.facebook.com\/armourtransport1\/\"]}]}<\/script>\r\n<!-- \/ Yoast SEO plugin. -->","yoast_head_json":{"title":"Entreposage et logistique | Groupe de transport Armour","description":"Avec certains des plus grands entrep\u00f4ts du Canada atlantique et un r\u00e9seau mondial de partenaires, les Services logistiques Armour offrent des solutions de cha\u00eene d'approvisionnement de bout en bout.","robots":{"index":"index","follow":"follow","max-snippet":"max-snippet:-1","max-image-preview":"max-image-preview:large","max-video-preview":"max-video-preview:-1"},"canonical":"https:\/\/armour.ca\/fr\/entreposage-et-logistique\/","og_locale":"fr_FR","og_type":"article","og_title":"Entreposage et logistique | Groupe de transport Armour","og_description":"Avec certains des plus grands entrep\u00f4ts du Canada atlantique et un r\u00e9seau mondial de partenaires, les Services logistiques Armour offrent des solutions de cha\u00eene d'approvisionnement de bout en bout.","og_url":"https:\/\/armour.ca\/fr\/entreposage-et-logistique\/","og_site_name":"Armour Transportation Systems","article_publisher":"https:\/\/www.facebook.com\/armourtransport1\/","article_modified_time":"2024-12-12T16:01:12+00:00","twitter_card":"summary_large_image","schema":{"@context":"https:\/\/schema.org","@graph":[{"@type":"WebPage","@id":"https:\/\/armour.ca\/fr\/entreposage-et-logistique\/","url":"https:\/\/armour.ca\/fr\/entreposage-et-logistique\/","name":"Entreposage et logistique | Groupe de transport Armour","isPartOf":{"@id":"https:\/\/armour.ca\/fr\/#website"},"datePublished":"2023-11-30T17:51:04+00:00","dateModified":"2024-12-12T16:01:12+00:00","description":"Avec certains des plus grands entrep\u00f4ts du Canada atlantique et un r\u00e9seau mondial de partenaires, les Services logistiques Armour offrent des solutions de cha\u00eene d'approvisionnement de bout en bout.","breadcrumb":{"@id":"https:\/\/armour.ca\/fr\/entreposage-et-logistique\/#breadcrumb"},"inLanguage":"fr-FR","potentialAction":[{"@type":"ReadAction","target":["https:\/\/armour.ca\/fr\/entreposage-et-logistique\/"]}]},{"@type":"BreadcrumbList","@id":"https:\/\/armour.ca\/fr\/entreposage-et-logistique\/#breadcrumb","itemListElement":[{"@type":"ListItem","position":1,"name":"Home","item":"https:\/\/armour.ca\/fr\/accueil\/"},{"@type":"ListItem","position":2,"name":"Entreposage et logistique"}]},{"@type":"WebSite","@id":"https:\/\/armour.ca\/fr\/#website","url":"https:\/\/armour.ca\/fr\/","name":"Seaboard","description":"","publisher":{"@id":"https:\/\/armour.ca\/fr\/#organization"},"potentialAction":[{"@type":"SearchAction","target":{"@type":"EntryPoint","urlTemplate":"https:\/\/armour.ca\/fr\/?s={search_term_string}"},"query-input":{"@type":"PropertyValueSpecification","valueRequired":true,"valueName":"search_term_string"}}],"inLanguage":"fr-FR"},{"@type":"Organization","@id":"https:\/\/armour.ca\/fr\/#organization","name":"Seaboard","url":"https:\/\/armour.ca\/fr\/","logo":{"@type":"ImageObject","inLanguage":"fr-FR","@id":"https:\/\/armour.ca\/fr\/#\/schema\/logo\/image\/","url":"https:\/\/dev.trypmserver.com\/seaboard\/wp-content\/uploads\/2023\/11\/logo.png","contentUrl":"https:\/\/dev.trypmserver.com\/seaboard\/wp-content\/uploads\/2023\/11\/logo.png","width":344,"height":52,"caption":"Seaboard"},"image":{"@id":"https:\/\/armour.ca\/fr\/#\/schema\/logo\/image\/"},"sameAs":["https:\/\/www.facebook.com\/armourtransport1\/"]}]}},"_links":{"self":[{"href":"https:\/\/armour.ca\/fr\/wp-json\/wp\/v2\/pages\/1499","targetHints":{"allow":["GET"]}}],"collection":[{"href":"https:\/\/armour.ca\/fr\/wp-json\/wp\/v2\/pages"}],"about":[{"href":"https:\/\/armour.ca\/fr\/wp-json\/wp\/v2\/types\/page"}],"author":[{"embeddable":true,"href":"https:\/\/armour.ca\/fr\/wp-json\/wp\/v2\/users\/1"}],"replies":[{"embeddable":true,"href":"https:\/\/armour.ca\/fr\/wp-json\/wp\/v2\/comments?post=1499"}],"version-history":[{"count":1,"href":"https:\/\/armour.ca\/fr\/wp-json\/wp\/v2\/pages\/1499\/revisions"}],"predecessor-version":[{"id":1514,"href":"https:\/\/armour.ca\/fr\/wp-json\/wp\/v2\/pages\/1499\/revisions\/1514"}],"wp:attachment":[{"href":"https:\/\/armour.ca\/fr\/wp-json\/wp\/v2\/media?parent=1499"}],"curies":[{"name":"wp","href":"https:\/\/api.w.org\/{rel}","templated":true}]}}