{"id":1498,"date":"2023-12-04T22:51:38","date_gmt":"2023-12-04T22:51:38","guid":{"rendered":"https:\/\/armour.ca\/groupe-de-transport-armour\/"},"modified":"2024-09-10T16:30:54","modified_gmt":"2024-09-10T16:30:54","slug":"groupe-de-transport-armour","status":"publish","type":"page","link":"https:\/\/armour.ca\/fr\/a-propos-darmour\/groupe-de-transport-armour\/","title":{"rendered":"Groupe de transport Armour"},"content":{"rendered":"","protected":false},"excerpt":{"rendered":"","protected":false},"author":1,"featured_media":0,"parent":1504,"menu_order":0,"comment_status":"closed","ping_status":"closed","template":"","meta":{"_acf_changed":false,"footnotes":""},"class_list":["post-1498","page","type-page","status-publish","hentry"],"acf":[],"yoast_head":"<!-- This site is optimized with the Yoast SEO plugin v27.2 - https:\/\/yoast.com\/product\/yoast-seo-wordpress\/ -->\r\n<title>Armour Transportation Group | LTL, Truckload, Logistics<\/title>\r\n<meta name=\"description\" content=\"Notre groupe d&#039;entreprises se consacre \u00e0 toutes les facettes de la cha\u00eene d&#039;approvisionnement pour r\u00e9pondre \u00e0 vos besoins en mati\u00e8re d&#039;exp\u00e9dition dans l&#039;ensemble du Canada atlantique et de l&#039;Am\u00e9rique du Nord.\" \/>\r\n<meta name=\"robots\" content=\"index, follow, max-snippet:-1, max-image-preview:large, max-video-preview:-1\" \/>\r\n<link rel=\"canonical\" href=\"https:\/\/armour.ca\/fr\/a-propos-darmour\/groupe-de-transport-armour\/\" \/>\r\n<meta property=\"og:locale\" content=\"fr_FR\" \/>\r\n<meta property=\"og:type\" content=\"article\" \/>\r\n<meta property=\"og:title\" content=\"Armour Transportation Group | LTL, Truckload, Logistics\" \/>\r\n<meta property=\"og:description\" content=\"Notre groupe d&#039;entreprises se consacre \u00e0 toutes les facettes de la cha\u00eene d&#039;approvisionnement pour r\u00e9pondre \u00e0 vos besoins en mati\u00e8re d&#039;exp\u00e9dition dans l&#039;ensemble du Canada atlantique et de l&#039;Am\u00e9rique du Nord.\" \/>\r\n<meta property=\"og:url\" content=\"https:\/\/armour.ca\/fr\/a-propos-darmour\/groupe-de-transport-armour\/\" \/>\r\n<meta property=\"og:site_name\" content=\"Armour Transportation Systems\" \/>\r\n<meta property=\"article:publisher\" content=\"https:\/\/www.facebook.com\/armourtransport1\/\" \/>\r\n<meta property=\"article:modified_time\" content=\"2024-09-10T16:30:54+00:00\" \/>\r\n<meta name=\"twitter:card\" content=\"summary_large_image\" \/>\r\n<script type=\"application\/ld+json\" class=\"yoast-schema-graph\">{\"@context\":\"https:\/\/schema.org\",\"@graph\":[{\"@type\":\"WebPage\",\"@id\":\"https:\/\/armour.ca\/fr\/a-propos-darmour\/groupe-de-transport-armour\/\",\"url\":\"https:\/\/armour.ca\/fr\/a-propos-darmour\/groupe-de-transport-armour\/\",\"name\":\"Armour Transportation Group | LTL, Truckload, Logistics\",\"isPartOf\":{\"@id\":\"https:\/\/armour.ca\/fr\/#website\"},\"datePublished\":\"2023-12-04T22:51:38+00:00\",\"dateModified\":\"2024-09-10T16:30:54+00:00\",\"description\":\"Notre groupe d'entreprises se consacre \u00e0 toutes les facettes de la cha\u00eene d'approvisionnement pour r\u00e9pondre \u00e0 vos besoins en mati\u00e8re d'exp\u00e9dition dans l'ensemble du Canada atlantique et de l'Am\u00e9rique du Nord.\",\"breadcrumb\":{\"@id\":\"https:\/\/armour.ca\/fr\/a-propos-darmour\/groupe-de-transport-armour\/#breadcrumb\"},\"inLanguage\":\"fr-FR\",\"potentialAction\":[{\"@type\":\"ReadAction\",\"target\":[\"https:\/\/armour.ca\/fr\/a-propos-darmour\/groupe-de-transport-armour\/\"]}]},{\"@type\":\"BreadcrumbList\",\"@id\":\"https:\/\/armour.ca\/fr\/a-propos-darmour\/groupe-de-transport-armour\/#breadcrumb\",\"itemListElement\":[{\"@type\":\"ListItem\",\"position\":1,\"name\":\"Home\",\"item\":\"https:\/\/armour.ca\/fr\/accueil\/\"},{\"@type\":\"ListItem\",\"position\":2,\"name\":\"\u00c0 propos d&#8217;Armour\",\"item\":\"https:\/\/armour.ca\/fr\/a-propos-darmour\/\"},{\"@type\":\"ListItem\",\"position\":3,\"name\":\"Groupe de transport Armour\"}]},{\"@type\":\"WebSite\",\"@id\":\"https:\/\/armour.ca\/fr\/#website\",\"url\":\"https:\/\/armour.ca\/fr\/\",\"name\":\"Seaboard\",\"description\":\"\",\"publisher\":{\"@id\":\"https:\/\/armour.ca\/fr\/#organization\"},\"potentialAction\":[{\"@type\":\"SearchAction\",\"target\":{\"@type\":\"EntryPoint\",\"urlTemplate\":\"https:\/\/armour.ca\/fr\/?s={search_term_string}\"},\"query-input\":{\"@type\":\"PropertyValueSpecification\",\"valueRequired\":true,\"valueName\":\"search_term_string\"}}],\"inLanguage\":\"fr-FR\"},{\"@type\":\"Organization\",\"@id\":\"https:\/\/armour.ca\/fr\/#organization\",\"name\":\"Seaboard\",\"url\":\"https:\/\/armour.ca\/fr\/\",\"logo\":{\"@type\":\"ImageObject\",\"inLanguage\":\"fr-FR\",\"@id\":\"https:\/\/armour.ca\/fr\/#\/schema\/logo\/image\/\",\"url\":\"https:\/\/dev.trypmserver.com\/seaboard\/wp-content\/uploads\/2023\/11\/logo.png\",\"contentUrl\":\"https:\/\/dev.trypmserver.com\/seaboard\/wp-content\/uploads\/2023\/11\/logo.png\",\"width\":344,\"height\":52,\"caption\":\"Seaboard\"},\"image\":{\"@id\":\"https:\/\/armour.ca\/fr\/#\/schema\/logo\/image\/\"},\"sameAs\":[\"https:\/\/www.facebook.com\/armourtransport1\/\"]}]}<\/script>\r\n<!-- \/ Yoast SEO plugin. -->","yoast_head_json":{"title":"Armour Transportation Group | LTL, Truckload, Logistics","description":"Notre groupe d'entreprises se consacre \u00e0 toutes les facettes de la cha\u00eene d'approvisionnement pour r\u00e9pondre \u00e0 vos besoins en mati\u00e8re d'exp\u00e9dition dans l'ensemble du Canada atlantique et de l'Am\u00e9rique du Nord.","robots":{"index":"index","follow":"follow","max-snippet":"max-snippet:-1","max-image-preview":"max-image-preview:large","max-video-preview":"max-video-preview:-1"},"canonical":"https:\/\/armour.ca\/fr\/a-propos-darmour\/groupe-de-transport-armour\/","og_locale":"fr_FR","og_type":"article","og_title":"Armour Transportation Group | LTL, Truckload, Logistics","og_description":"Notre groupe d'entreprises se consacre \u00e0 toutes les facettes de la cha\u00eene d'approvisionnement pour r\u00e9pondre \u00e0 vos besoins en mati\u00e8re d'exp\u00e9dition dans l'ensemble du Canada atlantique et de l'Am\u00e9rique du Nord.","og_url":"https:\/\/armour.ca\/fr\/a-propos-darmour\/groupe-de-transport-armour\/","og_site_name":"Armour Transportation Systems","article_publisher":"https:\/\/www.facebook.com\/armourtransport1\/","article_modified_time":"2024-09-10T16:30:54+00:00","twitter_card":"summary_large_image","schema":{"@context":"https:\/\/schema.org","@graph":[{"@type":"WebPage","@id":"https:\/\/armour.ca\/fr\/a-propos-darmour\/groupe-de-transport-armour\/","url":"https:\/\/armour.ca\/fr\/a-propos-darmour\/groupe-de-transport-armour\/","name":"Armour Transportation Group | LTL, Truckload, Logistics","isPartOf":{"@id":"https:\/\/armour.ca\/fr\/#website"},"datePublished":"2023-12-04T22:51:38+00:00","dateModified":"2024-09-10T16:30:54+00:00","description":"Notre groupe d'entreprises se consacre \u00e0 toutes les facettes de la cha\u00eene d'approvisionnement pour r\u00e9pondre \u00e0 vos besoins en mati\u00e8re d'exp\u00e9dition dans l'ensemble du Canada atlantique et de l'Am\u00e9rique du Nord.","breadcrumb":{"@id":"https:\/\/armour.ca\/fr\/a-propos-darmour\/groupe-de-transport-armour\/#breadcrumb"},"inLanguage":"fr-FR","potentialAction":[{"@type":"ReadAction","target":["https:\/\/armour.ca\/fr\/a-propos-darmour\/groupe-de-transport-armour\/"]}]},{"@type":"BreadcrumbList","@id":"https:\/\/armour.ca\/fr\/a-propos-darmour\/groupe-de-transport-armour\/#breadcrumb","itemListElement":[{"@type":"ListItem","position":1,"name":"Home","item":"https:\/\/armour.ca\/fr\/accueil\/"},{"@type":"ListItem","position":2,"name":"\u00c0 propos d&#8217;Armour","item":"https:\/\/armour.ca\/fr\/a-propos-darmour\/"},{"@type":"ListItem","position":3,"name":"Groupe de transport Armour"}]},{"@type":"WebSite","@id":"https:\/\/armour.ca\/fr\/#website","url":"https:\/\/armour.ca\/fr\/","name":"Seaboard","description":"","publisher":{"@id":"https:\/\/armour.ca\/fr\/#organization"},"potentialAction":[{"@type":"SearchAction","target":{"@type":"EntryPoint","urlTemplate":"https:\/\/armour.ca\/fr\/?s={search_term_string}"},"query-input":{"@type":"PropertyValueSpecification","valueRequired":true,"valueName":"search_term_string"}}],"inLanguage":"fr-FR"},{"@type":"Organization","@id":"https:\/\/armour.ca\/fr\/#organization","name":"Seaboard","url":"https:\/\/armour.ca\/fr\/","logo":{"@type":"ImageObject","inLanguage":"fr-FR","@id":"https:\/\/armour.ca\/fr\/#\/schema\/logo\/image\/","url":"https:\/\/dev.trypmserver.com\/seaboard\/wp-content\/uploads\/2023\/11\/logo.png","contentUrl":"https:\/\/dev.trypmserver.com\/seaboard\/wp-content\/uploads\/2023\/11\/logo.png","width":344,"height":52,"caption":"Seaboard"},"image":{"@id":"https:\/\/armour.ca\/fr\/#\/schema\/logo\/image\/"},"sameAs":["https:\/\/www.facebook.com\/armourtransport1\/"]}]}},"_links":{"self":[{"href":"https:\/\/armour.ca\/fr\/wp-json\/wp\/v2\/pages\/1498","targetHints":{"allow":["GET"]}}],"collection":[{"href":"https:\/\/armour.ca\/fr\/wp-json\/wp\/v2\/pages"}],"about":[{"href":"https:\/\/armour.ca\/fr\/wp-json\/wp\/v2\/types\/page"}],"author":[{"embeddable":true,"href":"https:\/\/armour.ca\/fr\/wp-json\/wp\/v2\/users\/1"}],"replies":[{"embeddable":true,"href":"https:\/\/armour.ca\/fr\/wp-json\/wp\/v2\/comments?post=1498"}],"version-history":[{"count":1,"href":"https:\/\/armour.ca\/fr\/wp-json\/wp\/v2\/pages\/1498\/revisions"}],"predecessor-version":[{"id":1506,"href":"https:\/\/armour.ca\/fr\/wp-json\/wp\/v2\/pages\/1498\/revisions\/1506"}],"up":[{"embeddable":true,"href":"https:\/\/armour.ca\/fr\/wp-json\/wp\/v2\/pages\/1504"}],"wp:attachment":[{"href":"https:\/\/armour.ca\/fr\/wp-json\/wp\/v2\/media?parent=1498"}],"curies":[{"name":"wp","href":"https:\/\/api.w.org\/{rel}","templated":true}]}}