{"id":1491,"date":"2023-12-04T22:51:57","date_gmt":"2023-12-04T22:51:57","guid":{"rendered":"https:\/\/armour.ca\/nos-valeurs-les-gens-la-securite-service\/"},"modified":"2024-09-11T15:51:30","modified_gmt":"2024-09-11T15:51:30","slug":"nos-valeurs-personnes-securite-service","status":"publish","type":"page","link":"https:\/\/armour.ca\/fr\/a-propos-darmour\/nos-valeurs-personnes-securite-service\/","title":{"rendered":"Nos valeurs: Personnes. S\u00e9curit\u00e9. Service."},"content":{"rendered":"","protected":false},"excerpt":{"rendered":"","protected":false},"author":1,"featured_media":0,"parent":1504,"menu_order":0,"comment_status":"closed","ping_status":"closed","template":"","meta":{"_acf_changed":false,"footnotes":""},"class_list":["post-1491","page","type-page","status-publish","hentry"],"acf":[],"yoast_head":"<!-- This site is optimized with the Yoast SEO plugin v27.2 - https:\/\/yoast.com\/product\/yoast-seo-wordpress\/ -->\r\n<title>Valeurs du transport Armour : Les gens. La s\u00e9curit\u00e9. Service.<\/title>\r\n<meta name=\"description\" content=\"Armour est un groupe d&#039;entreprises leader dans l&#039;industrie qui dispose du personnel, des processus et de la technologie n\u00e9cessaires pour fournir un service de haute qualit\u00e9 et s\u00fbr \u00e0 nos clients.\" \/>\r\n<meta name=\"robots\" content=\"index, follow, max-snippet:-1, max-image-preview:large, max-video-preview:-1\" \/>\r\n<link rel=\"canonical\" href=\"https:\/\/armour.ca\/fr\/a-propos-darmour\/nos-valeurs-personnes-securite-service\/\" \/>\r\n<meta property=\"og:locale\" content=\"fr_FR\" \/>\r\n<meta property=\"og:type\" content=\"article\" \/>\r\n<meta property=\"og:title\" content=\"Valeurs du transport Armour : Les gens. La s\u00e9curit\u00e9. Service.\" \/>\r\n<meta property=\"og:description\" content=\"Armour est un groupe d&#039;entreprises leader dans l&#039;industrie qui dispose du personnel, des processus et de la technologie n\u00e9cessaires pour fournir un service de haute qualit\u00e9 et s\u00fbr \u00e0 nos clients.\" \/>\r\n<meta property=\"og:url\" content=\"https:\/\/armour.ca\/fr\/a-propos-darmour\/nos-valeurs-personnes-securite-service\/\" \/>\r\n<meta property=\"og:site_name\" content=\"Armour Transportation Systems\" \/>\r\n<meta property=\"article:publisher\" content=\"https:\/\/www.facebook.com\/armourtransport1\/\" \/>\r\n<meta property=\"article:modified_time\" content=\"2024-09-11T15:51:30+00:00\" \/>\r\n<meta name=\"twitter:card\" content=\"summary_large_image\" \/>\r\n<script type=\"application\/ld+json\" class=\"yoast-schema-graph\">{\"@context\":\"https:\/\/schema.org\",\"@graph\":[{\"@type\":\"WebPage\",\"@id\":\"https:\/\/armour.ca\/fr\/a-propos-darmour\/nos-valeurs-personnes-securite-service\/\",\"url\":\"https:\/\/armour.ca\/fr\/a-propos-darmour\/nos-valeurs-personnes-securite-service\/\",\"name\":\"Valeurs du transport Armour : Les gens. La s\u00e9curit\u00e9. Service.\",\"isPartOf\":{\"@id\":\"https:\/\/armour.ca\/fr\/#website\"},\"datePublished\":\"2023-12-04T22:51:57+00:00\",\"dateModified\":\"2024-09-11T15:51:30+00:00\",\"description\":\"Armour est un groupe d'entreprises leader dans l'industrie qui dispose du personnel, des processus et de la technologie n\u00e9cessaires pour fournir un service de haute qualit\u00e9 et s\u00fbr \u00e0 nos clients.\",\"breadcrumb\":{\"@id\":\"https:\/\/armour.ca\/fr\/a-propos-darmour\/nos-valeurs-personnes-securite-service\/#breadcrumb\"},\"inLanguage\":\"fr-FR\",\"potentialAction\":[{\"@type\":\"ReadAction\",\"target\":[\"https:\/\/armour.ca\/fr\/a-propos-darmour\/nos-valeurs-personnes-securite-service\/\"]}]},{\"@type\":\"BreadcrumbList\",\"@id\":\"https:\/\/armour.ca\/fr\/a-propos-darmour\/nos-valeurs-personnes-securite-service\/#breadcrumb\",\"itemListElement\":[{\"@type\":\"ListItem\",\"position\":1,\"name\":\"Home\",\"item\":\"https:\/\/armour.ca\/fr\/accueil\/\"},{\"@type\":\"ListItem\",\"position\":2,\"name\":\"\u00c0 propos d&#8217;Armour\",\"item\":\"https:\/\/armour.ca\/fr\/a-propos-darmour\/\"},{\"@type\":\"ListItem\",\"position\":3,\"name\":\"Nos valeurs: Personnes. S\u00e9curit\u00e9. Service.\"}]},{\"@type\":\"WebSite\",\"@id\":\"https:\/\/armour.ca\/fr\/#website\",\"url\":\"https:\/\/armour.ca\/fr\/\",\"name\":\"Seaboard\",\"description\":\"\",\"publisher\":{\"@id\":\"https:\/\/armour.ca\/fr\/#organization\"},\"potentialAction\":[{\"@type\":\"SearchAction\",\"target\":{\"@type\":\"EntryPoint\",\"urlTemplate\":\"https:\/\/armour.ca\/fr\/?s={search_term_string}\"},\"query-input\":{\"@type\":\"PropertyValueSpecification\",\"valueRequired\":true,\"valueName\":\"search_term_string\"}}],\"inLanguage\":\"fr-FR\"},{\"@type\":\"Organization\",\"@id\":\"https:\/\/armour.ca\/fr\/#organization\",\"name\":\"Seaboard\",\"url\":\"https:\/\/armour.ca\/fr\/\",\"logo\":{\"@type\":\"ImageObject\",\"inLanguage\":\"fr-FR\",\"@id\":\"https:\/\/armour.ca\/fr\/#\/schema\/logo\/image\/\",\"url\":\"https:\/\/dev.trypmserver.com\/seaboard\/wp-content\/uploads\/2023\/11\/logo.png\",\"contentUrl\":\"https:\/\/dev.trypmserver.com\/seaboard\/wp-content\/uploads\/2023\/11\/logo.png\",\"width\":344,\"height\":52,\"caption\":\"Seaboard\"},\"image\":{\"@id\":\"https:\/\/armour.ca\/fr\/#\/schema\/logo\/image\/\"},\"sameAs\":[\"https:\/\/www.facebook.com\/armourtransport1\/\"]}]}<\/script>\r\n<!-- \/ Yoast SEO plugin. -->","yoast_head_json":{"title":"Valeurs du transport Armour : Les gens. La s\u00e9curit\u00e9. Service.","description":"Armour est un groupe d'entreprises leader dans l'industrie qui dispose du personnel, des processus et de la technologie n\u00e9cessaires pour fournir un service de haute qualit\u00e9 et s\u00fbr \u00e0 nos clients.","robots":{"index":"index","follow":"follow","max-snippet":"max-snippet:-1","max-image-preview":"max-image-preview:large","max-video-preview":"max-video-preview:-1"},"canonical":"https:\/\/armour.ca\/fr\/a-propos-darmour\/nos-valeurs-personnes-securite-service\/","og_locale":"fr_FR","og_type":"article","og_title":"Valeurs du transport Armour : Les gens. La s\u00e9curit\u00e9. Service.","og_description":"Armour est un groupe d'entreprises leader dans l'industrie qui dispose du personnel, des processus et de la technologie n\u00e9cessaires pour fournir un service de haute qualit\u00e9 et s\u00fbr \u00e0 nos clients.","og_url":"https:\/\/armour.ca\/fr\/a-propos-darmour\/nos-valeurs-personnes-securite-service\/","og_site_name":"Armour Transportation Systems","article_publisher":"https:\/\/www.facebook.com\/armourtransport1\/","article_modified_time":"2024-09-11T15:51:30+00:00","twitter_card":"summary_large_image","schema":{"@context":"https:\/\/schema.org","@graph":[{"@type":"WebPage","@id":"https:\/\/armour.ca\/fr\/a-propos-darmour\/nos-valeurs-personnes-securite-service\/","url":"https:\/\/armour.ca\/fr\/a-propos-darmour\/nos-valeurs-personnes-securite-service\/","name":"Valeurs du transport Armour : Les gens. La s\u00e9curit\u00e9. Service.","isPartOf":{"@id":"https:\/\/armour.ca\/fr\/#website"},"datePublished":"2023-12-04T22:51:57+00:00","dateModified":"2024-09-11T15:51:30+00:00","description":"Armour est un groupe d'entreprises leader dans l'industrie qui dispose du personnel, des processus et de la technologie n\u00e9cessaires pour fournir un service de haute qualit\u00e9 et s\u00fbr \u00e0 nos clients.","breadcrumb":{"@id":"https:\/\/armour.ca\/fr\/a-propos-darmour\/nos-valeurs-personnes-securite-service\/#breadcrumb"},"inLanguage":"fr-FR","potentialAction":[{"@type":"ReadAction","target":["https:\/\/armour.ca\/fr\/a-propos-darmour\/nos-valeurs-personnes-securite-service\/"]}]},{"@type":"BreadcrumbList","@id":"https:\/\/armour.ca\/fr\/a-propos-darmour\/nos-valeurs-personnes-securite-service\/#breadcrumb","itemListElement":[{"@type":"ListItem","position":1,"name":"Home","item":"https:\/\/armour.ca\/fr\/accueil\/"},{"@type":"ListItem","position":2,"name":"\u00c0 propos d&#8217;Armour","item":"https:\/\/armour.ca\/fr\/a-propos-darmour\/"},{"@type":"ListItem","position":3,"name":"Nos valeurs: Personnes. S\u00e9curit\u00e9. Service."}]},{"@type":"WebSite","@id":"https:\/\/armour.ca\/fr\/#website","url":"https:\/\/armour.ca\/fr\/","name":"Seaboard","description":"","publisher":{"@id":"https:\/\/armour.ca\/fr\/#organization"},"potentialAction":[{"@type":"SearchAction","target":{"@type":"EntryPoint","urlTemplate":"https:\/\/armour.ca\/fr\/?s={search_term_string}"},"query-input":{"@type":"PropertyValueSpecification","valueRequired":true,"valueName":"search_term_string"}}],"inLanguage":"fr-FR"},{"@type":"Organization","@id":"https:\/\/armour.ca\/fr\/#organization","name":"Seaboard","url":"https:\/\/armour.ca\/fr\/","logo":{"@type":"ImageObject","inLanguage":"fr-FR","@id":"https:\/\/armour.ca\/fr\/#\/schema\/logo\/image\/","url":"https:\/\/dev.trypmserver.com\/seaboard\/wp-content\/uploads\/2023\/11\/logo.png","contentUrl":"https:\/\/dev.trypmserver.com\/seaboard\/wp-content\/uploads\/2023\/11\/logo.png","width":344,"height":52,"caption":"Seaboard"},"image":{"@id":"https:\/\/armour.ca\/fr\/#\/schema\/logo\/image\/"},"sameAs":["https:\/\/www.facebook.com\/armourtransport1\/"]}]}},"_links":{"self":[{"href":"https:\/\/armour.ca\/fr\/wp-json\/wp\/v2\/pages\/1491","targetHints":{"allow":["GET"]}}],"collection":[{"href":"https:\/\/armour.ca\/fr\/wp-json\/wp\/v2\/pages"}],"about":[{"href":"https:\/\/armour.ca\/fr\/wp-json\/wp\/v2\/types\/page"}],"author":[{"embeddable":true,"href":"https:\/\/armour.ca\/fr\/wp-json\/wp\/v2\/users\/1"}],"replies":[{"embeddable":true,"href":"https:\/\/armour.ca\/fr\/wp-json\/wp\/v2\/comments?post=1491"}],"version-history":[{"count":3,"href":"https:\/\/armour.ca\/fr\/wp-json\/wp\/v2\/pages\/1491\/revisions"}],"predecessor-version":[{"id":1624,"href":"https:\/\/armour.ca\/fr\/wp-json\/wp\/v2\/pages\/1491\/revisions\/1624"}],"up":[{"embeddable":true,"href":"https:\/\/armour.ca\/fr\/wp-json\/wp\/v2\/pages\/1504"}],"wp:attachment":[{"href":"https:\/\/armour.ca\/fr\/wp-json\/wp\/v2\/media?parent=1491"}],"curies":[{"name":"wp","href":"https:\/\/api.w.org\/{rel}","templated":true}]}}