{"id":1461,"date":"2024-05-23T14:17:26","date_gmt":"2024-05-23T14:17:26","guid":{"rendered":"https:\/\/armour.ca\/specialite\/"},"modified":"2024-12-13T22:17:06","modified_gmt":"2024-12-13T22:17:06","slug":"specialite","status":"publish","type":"page","link":"https:\/\/armour.ca\/fr\/transport-de-marchandises\/specialite\/","title":{"rendered":"Sp\u00e9cialit\u00e9"},"content":{"rendered":"","protected":false},"excerpt":{"rendered":"","protected":false},"author":1,"featured_media":0,"parent":1500,"menu_order":0,"comment_status":"closed","ping_status":"closed","template":"","meta":{"_acf_changed":false,"footnotes":""},"class_list":["post-1461","page","type-page","status-publish","hentry"],"acf":[],"yoast_head":"<!-- This site is optimized with the Yoast SEO plugin v27.2 - https:\/\/yoast.com\/product\/yoast-seo-wordpress\/ -->\r\n<title>Services de transport sp\u00e9cialis\u00e9s - Transport Armour<\/title>\r\n<meta name=\"description\" content=\"Gr\u00e2ce \u00e0 des actifs diversifi\u00e9s et \u00e0 des transporteurs partenaires r\u00e9put\u00e9s sur diff\u00e9rents march\u00e9s de niche, nous g\u00e9rons les exp\u00e9ditions de fret sp\u00e9cialis\u00e9 de nos clients.\" \/>\r\n<meta name=\"robots\" content=\"index, follow, max-snippet:-1, max-image-preview:large, max-video-preview:-1\" \/>\r\n<link rel=\"canonical\" href=\"https:\/\/armour.ca\/fr\/transport-de-marchandises\/specialite\/\" \/>\r\n<meta property=\"og:locale\" content=\"fr_FR\" \/>\r\n<meta property=\"og:type\" content=\"article\" \/>\r\n<meta property=\"og:title\" content=\"Services de transport sp\u00e9cialis\u00e9s - Transport Armour\" \/>\r\n<meta property=\"og:description\" content=\"Gr\u00e2ce \u00e0 des actifs diversifi\u00e9s et \u00e0 des transporteurs partenaires r\u00e9put\u00e9s sur diff\u00e9rents march\u00e9s de niche, nous g\u00e9rons les exp\u00e9ditions de fret sp\u00e9cialis\u00e9 de nos clients.\" \/>\r\n<meta property=\"og:url\" content=\"https:\/\/armour.ca\/fr\/transport-de-marchandises\/specialite\/\" \/>\r\n<meta property=\"og:site_name\" content=\"Armour Transportation Systems\" \/>\r\n<meta property=\"article:publisher\" content=\"https:\/\/www.facebook.com\/armourtransport1\/\" \/>\r\n<meta property=\"article:modified_time\" content=\"2024-12-13T22:17:06+00:00\" \/>\r\n<meta name=\"twitter:card\" content=\"summary_large_image\" \/>\r\n<script type=\"application\/ld+json\" class=\"yoast-schema-graph\">{\"@context\":\"https:\/\/schema.org\",\"@graph\":[{\"@type\":\"WebPage\",\"@id\":\"https:\/\/armour.ca\/fr\/transport-de-marchandises\/specialite\/\",\"url\":\"https:\/\/armour.ca\/fr\/transport-de-marchandises\/specialite\/\",\"name\":\"Services de transport sp\u00e9cialis\u00e9s - Transport Armour\",\"isPartOf\":{\"@id\":\"https:\/\/armour.ca\/fr\/#website\"},\"datePublished\":\"2024-05-23T14:17:26+00:00\",\"dateModified\":\"2024-12-13T22:17:06+00:00\",\"description\":\"Gr\u00e2ce \u00e0 des actifs diversifi\u00e9s et \u00e0 des transporteurs partenaires r\u00e9put\u00e9s sur diff\u00e9rents march\u00e9s de niche, nous g\u00e9rons les exp\u00e9ditions de fret sp\u00e9cialis\u00e9 de nos clients.\",\"breadcrumb\":{\"@id\":\"https:\/\/armour.ca\/fr\/transport-de-marchandises\/specialite\/#breadcrumb\"},\"inLanguage\":\"fr-FR\",\"potentialAction\":[{\"@type\":\"ReadAction\",\"target\":[\"https:\/\/armour.ca\/fr\/transport-de-marchandises\/specialite\/\"]}]},{\"@type\":\"BreadcrumbList\",\"@id\":\"https:\/\/armour.ca\/fr\/transport-de-marchandises\/specialite\/#breadcrumb\",\"itemListElement\":[{\"@type\":\"ListItem\",\"position\":1,\"name\":\"Home\",\"item\":\"https:\/\/armour.ca\/fr\/accueil\/\"},{\"@type\":\"ListItem\",\"position\":2,\"name\":\"Transport de marchandises\",\"item\":\"https:\/\/armour.ca\/fr\/transport-de-marchandises\/\"},{\"@type\":\"ListItem\",\"position\":3,\"name\":\"Sp\u00e9cialit\u00e9\"}]},{\"@type\":\"WebSite\",\"@id\":\"https:\/\/armour.ca\/fr\/#website\",\"url\":\"https:\/\/armour.ca\/fr\/\",\"name\":\"Seaboard\",\"description\":\"\",\"publisher\":{\"@id\":\"https:\/\/armour.ca\/fr\/#organization\"},\"potentialAction\":[{\"@type\":\"SearchAction\",\"target\":{\"@type\":\"EntryPoint\",\"urlTemplate\":\"https:\/\/armour.ca\/fr\/?s={search_term_string}\"},\"query-input\":{\"@type\":\"PropertyValueSpecification\",\"valueRequired\":true,\"valueName\":\"search_term_string\"}}],\"inLanguage\":\"fr-FR\"},{\"@type\":\"Organization\",\"@id\":\"https:\/\/armour.ca\/fr\/#organization\",\"name\":\"Seaboard\",\"url\":\"https:\/\/armour.ca\/fr\/\",\"logo\":{\"@type\":\"ImageObject\",\"inLanguage\":\"fr-FR\",\"@id\":\"https:\/\/armour.ca\/fr\/#\/schema\/logo\/image\/\",\"url\":\"https:\/\/dev.trypmserver.com\/seaboard\/wp-content\/uploads\/2023\/11\/logo.png\",\"contentUrl\":\"https:\/\/dev.trypmserver.com\/seaboard\/wp-content\/uploads\/2023\/11\/logo.png\",\"width\":344,\"height\":52,\"caption\":\"Seaboard\"},\"image\":{\"@id\":\"https:\/\/armour.ca\/fr\/#\/schema\/logo\/image\/\"},\"sameAs\":[\"https:\/\/www.facebook.com\/armourtransport1\/\"]}]}<\/script>\r\n<!-- \/ Yoast SEO plugin. -->","yoast_head_json":{"title":"Services de transport sp\u00e9cialis\u00e9s - Transport Armour","description":"Gr\u00e2ce \u00e0 des actifs diversifi\u00e9s et \u00e0 des transporteurs partenaires r\u00e9put\u00e9s sur diff\u00e9rents march\u00e9s de niche, nous g\u00e9rons les exp\u00e9ditions de fret sp\u00e9cialis\u00e9 de nos clients.","robots":{"index":"index","follow":"follow","max-snippet":"max-snippet:-1","max-image-preview":"max-image-preview:large","max-video-preview":"max-video-preview:-1"},"canonical":"https:\/\/armour.ca\/fr\/transport-de-marchandises\/specialite\/","og_locale":"fr_FR","og_type":"article","og_title":"Services de transport sp\u00e9cialis\u00e9s - Transport Armour","og_description":"Gr\u00e2ce \u00e0 des actifs diversifi\u00e9s et \u00e0 des transporteurs partenaires r\u00e9put\u00e9s sur diff\u00e9rents march\u00e9s de niche, nous g\u00e9rons les exp\u00e9ditions de fret sp\u00e9cialis\u00e9 de nos clients.","og_url":"https:\/\/armour.ca\/fr\/transport-de-marchandises\/specialite\/","og_site_name":"Armour Transportation Systems","article_publisher":"https:\/\/www.facebook.com\/armourtransport1\/","article_modified_time":"2024-12-13T22:17:06+00:00","twitter_card":"summary_large_image","schema":{"@context":"https:\/\/schema.org","@graph":[{"@type":"WebPage","@id":"https:\/\/armour.ca\/fr\/transport-de-marchandises\/specialite\/","url":"https:\/\/armour.ca\/fr\/transport-de-marchandises\/specialite\/","name":"Services de transport sp\u00e9cialis\u00e9s - Transport Armour","isPartOf":{"@id":"https:\/\/armour.ca\/fr\/#website"},"datePublished":"2024-05-23T14:17:26+00:00","dateModified":"2024-12-13T22:17:06+00:00","description":"Gr\u00e2ce \u00e0 des actifs diversifi\u00e9s et \u00e0 des transporteurs partenaires r\u00e9put\u00e9s sur diff\u00e9rents march\u00e9s de niche, nous g\u00e9rons les exp\u00e9ditions de fret sp\u00e9cialis\u00e9 de nos clients.","breadcrumb":{"@id":"https:\/\/armour.ca\/fr\/transport-de-marchandises\/specialite\/#breadcrumb"},"inLanguage":"fr-FR","potentialAction":[{"@type":"ReadAction","target":["https:\/\/armour.ca\/fr\/transport-de-marchandises\/specialite\/"]}]},{"@type":"BreadcrumbList","@id":"https:\/\/armour.ca\/fr\/transport-de-marchandises\/specialite\/#breadcrumb","itemListElement":[{"@type":"ListItem","position":1,"name":"Home","item":"https:\/\/armour.ca\/fr\/accueil\/"},{"@type":"ListItem","position":2,"name":"Transport de marchandises","item":"https:\/\/armour.ca\/fr\/transport-de-marchandises\/"},{"@type":"ListItem","position":3,"name":"Sp\u00e9cialit\u00e9"}]},{"@type":"WebSite","@id":"https:\/\/armour.ca\/fr\/#website","url":"https:\/\/armour.ca\/fr\/","name":"Seaboard","description":"","publisher":{"@id":"https:\/\/armour.ca\/fr\/#organization"},"potentialAction":[{"@type":"SearchAction","target":{"@type":"EntryPoint","urlTemplate":"https:\/\/armour.ca\/fr\/?s={search_term_string}"},"query-input":{"@type":"PropertyValueSpecification","valueRequired":true,"valueName":"search_term_string"}}],"inLanguage":"fr-FR"},{"@type":"Organization","@id":"https:\/\/armour.ca\/fr\/#organization","name":"Seaboard","url":"https:\/\/armour.ca\/fr\/","logo":{"@type":"ImageObject","inLanguage":"fr-FR","@id":"https:\/\/armour.ca\/fr\/#\/schema\/logo\/image\/","url":"https:\/\/dev.trypmserver.com\/seaboard\/wp-content\/uploads\/2023\/11\/logo.png","contentUrl":"https:\/\/dev.trypmserver.com\/seaboard\/wp-content\/uploads\/2023\/11\/logo.png","width":344,"height":52,"caption":"Seaboard"},"image":{"@id":"https:\/\/armour.ca\/fr\/#\/schema\/logo\/image\/"},"sameAs":["https:\/\/www.facebook.com\/armourtransport1\/"]}]}},"_links":{"self":[{"href":"https:\/\/armour.ca\/fr\/wp-json\/wp\/v2\/pages\/1461","targetHints":{"allow":["GET"]}}],"collection":[{"href":"https:\/\/armour.ca\/fr\/wp-json\/wp\/v2\/pages"}],"about":[{"href":"https:\/\/armour.ca\/fr\/wp-json\/wp\/v2\/types\/page"}],"author":[{"embeddable":true,"href":"https:\/\/armour.ca\/fr\/wp-json\/wp\/v2\/users\/1"}],"replies":[{"embeddable":true,"href":"https:\/\/armour.ca\/fr\/wp-json\/wp\/v2\/comments?post=1461"}],"version-history":[{"count":1,"href":"https:\/\/armour.ca\/fr\/wp-json\/wp\/v2\/pages\/1461\/revisions"}],"predecessor-version":[{"id":1503,"href":"https:\/\/armour.ca\/fr\/wp-json\/wp\/v2\/pages\/1461\/revisions\/1503"}],"up":[{"embeddable":true,"href":"https:\/\/armour.ca\/fr\/wp-json\/wp\/v2\/pages\/1500"}],"wp:attachment":[{"href":"https:\/\/armour.ca\/fr\/wp-json\/wp\/v2\/media?parent=1461"}],"curies":[{"name":"wp","href":"https:\/\/api.w.org\/{rel}","templated":true}]}}