{"id":1434,"date":"2024-06-03T18:37:25","date_gmt":"2024-06-03T18:37:25","guid":{"rendered":"https:\/\/armour.ca\/supplement-carburant\/"},"modified":"2024-12-20T00:10:33","modified_gmt":"2024-12-20T00:10:33","slug":"supplement-carburant","status":"publish","type":"page","link":"https:\/\/armour.ca\/fr\/supplement-carburant\/","title":{"rendered":"Suppl\u00e9ment carburant"},"content":{"rendered":"","protected":false},"excerpt":{"rendered":"","protected":false},"author":1,"featured_media":0,"parent":0,"menu_order":0,"comment_status":"closed","ping_status":"closed","template":"","meta":{"_acf_changed":false,"footnotes":""},"class_list":["post-1434","page","type-page","status-publish","hentry"],"acf":[],"yoast_head":"<!-- This site is optimized with the Yoast SEO plugin v27.5 - https:\/\/yoast.com\/product\/yoast-seo-wordpress\/ -->\r\n<title>Suppl\u00e9ment carburant | Armour Transportation<\/title>\r\n<meta name=\"description\" content=\"Avec des divisions sp\u00e9cialis\u00e9es dans le transport, la logistique et l&#039;entreposage, Armour est l\u00e0 pour r\u00e9pondre \u00e0 tous vos besoins en mati\u00e8re de cha\u00eene d&#039;approvisionnement dans toute l&#039;Am\u00e9rique du Nord.\" \/>\r\n<meta name=\"robots\" content=\"index, follow, max-snippet:-1, max-image-preview:large, max-video-preview:-1\" \/>\r\n<link rel=\"canonical\" href=\"https:\/\/armour.ca\/fr\/supplement-carburant\/\" \/>\r\n<meta property=\"og:locale\" content=\"fr_FR\" \/>\r\n<meta property=\"og:type\" content=\"article\" \/>\r\n<meta property=\"og:title\" content=\"Suppl\u00e9ment carburant | Armour Transportation\" \/>\r\n<meta property=\"og:description\" content=\"Avec des divisions sp\u00e9cialis\u00e9es dans le transport, la logistique et l&#039;entreposage, Armour est l\u00e0 pour r\u00e9pondre \u00e0 tous vos besoins en mati\u00e8re de cha\u00eene d&#039;approvisionnement dans toute l&#039;Am\u00e9rique du Nord.\" \/>\r\n<meta property=\"og:url\" content=\"https:\/\/armour.ca\/fr\/supplement-carburant\/\" \/>\r\n<meta property=\"og:site_name\" content=\"Armour Transportation Systems\" \/>\r\n<meta property=\"article:publisher\" content=\"https:\/\/www.facebook.com\/armourtransport1\/\" \/>\r\n<meta property=\"article:modified_time\" content=\"2024-12-20T00:10:33+00:00\" \/>\r\n<meta name=\"twitter:card\" content=\"summary_large_image\" \/>\r\n<script type=\"application\/ld+json\" class=\"yoast-schema-graph\">{\"@context\":\"https:\\\/\\\/schema.org\",\"@graph\":[{\"@type\":\"WebPage\",\"@id\":\"https:\\\/\\\/armour.ca\\\/fr\\\/supplement-carburant\\\/\",\"url\":\"https:\\\/\\\/armour.ca\\\/fr\\\/supplement-carburant\\\/\",\"name\":\"Suppl\u00e9ment carburant | Armour Transportation\",\"isPartOf\":{\"@id\":\"https:\\\/\\\/armour.ca\\\/fr\\\/#website\"},\"datePublished\":\"2024-06-03T18:37:25+00:00\",\"dateModified\":\"2024-12-20T00:10:33+00:00\",\"description\":\"Avec des divisions sp\u00e9cialis\u00e9es dans le transport, la logistique et l'entreposage, Armour est l\u00e0 pour r\u00e9pondre \u00e0 tous vos besoins en mati\u00e8re de cha\u00eene d'approvisionnement dans toute l'Am\u00e9rique du Nord.\",\"breadcrumb\":{\"@id\":\"https:\\\/\\\/armour.ca\\\/fr\\\/supplement-carburant\\\/#breadcrumb\"},\"inLanguage\":\"fr-FR\",\"potentialAction\":[{\"@type\":\"ReadAction\",\"target\":[\"https:\\\/\\\/armour.ca\\\/fr\\\/supplement-carburant\\\/\"]}]},{\"@type\":\"BreadcrumbList\",\"@id\":\"https:\\\/\\\/armour.ca\\\/fr\\\/supplement-carburant\\\/#breadcrumb\",\"itemListElement\":[{\"@type\":\"ListItem\",\"position\":1,\"name\":\"Home\",\"item\":\"https:\\\/\\\/armour.ca\\\/fr\\\/accueil\\\/\"},{\"@type\":\"ListItem\",\"position\":2,\"name\":\"Suppl\u00e9ment carburant\"}]},{\"@type\":\"WebSite\",\"@id\":\"https:\\\/\\\/armour.ca\\\/fr\\\/#website\",\"url\":\"https:\\\/\\\/armour.ca\\\/fr\\\/\",\"name\":\"Seaboard\",\"description\":\"\",\"publisher\":{\"@id\":\"https:\\\/\\\/armour.ca\\\/fr\\\/#organization\"},\"potentialAction\":[{\"@type\":\"SearchAction\",\"target\":{\"@type\":\"EntryPoint\",\"urlTemplate\":\"https:\\\/\\\/armour.ca\\\/fr\\\/?s={search_term_string}\"},\"query-input\":{\"@type\":\"PropertyValueSpecification\",\"valueRequired\":true,\"valueName\":\"search_term_string\"}}],\"inLanguage\":\"fr-FR\"},{\"@type\":\"Organization\",\"@id\":\"https:\\\/\\\/armour.ca\\\/fr\\\/#organization\",\"name\":\"Seaboard\",\"url\":\"https:\\\/\\\/armour.ca\\\/fr\\\/\",\"logo\":{\"@type\":\"ImageObject\",\"inLanguage\":\"fr-FR\",\"@id\":\"https:\\\/\\\/armour.ca\\\/fr\\\/#\\\/schema\\\/logo\\\/image\\\/\",\"url\":\"https:\\\/\\\/dev.trypmserver.com\\\/seaboard\\\/wp-content\\\/uploads\\\/2023\\\/11\\\/logo.png\",\"contentUrl\":\"https:\\\/\\\/dev.trypmserver.com\\\/seaboard\\\/wp-content\\\/uploads\\\/2023\\\/11\\\/logo.png\",\"width\":344,\"height\":52,\"caption\":\"Seaboard\"},\"image\":{\"@id\":\"https:\\\/\\\/armour.ca\\\/fr\\\/#\\\/schema\\\/logo\\\/image\\\/\"},\"sameAs\":[\"https:\\\/\\\/www.facebook.com\\\/armourtransport1\\\/\"]}]}<\/script>\r\n<!-- \/ Yoast SEO plugin. -->","yoast_head_json":{"title":"Suppl\u00e9ment carburant | Armour Transportation","description":"Avec des divisions sp\u00e9cialis\u00e9es dans le transport, la logistique et l'entreposage, Armour est l\u00e0 pour r\u00e9pondre \u00e0 tous vos besoins en mati\u00e8re de cha\u00eene d'approvisionnement dans toute l'Am\u00e9rique du Nord.","robots":{"index":"index","follow":"follow","max-snippet":"max-snippet:-1","max-image-preview":"max-image-preview:large","max-video-preview":"max-video-preview:-1"},"canonical":"https:\/\/armour.ca\/fr\/supplement-carburant\/","og_locale":"fr_FR","og_type":"article","og_title":"Suppl\u00e9ment carburant | Armour Transportation","og_description":"Avec des divisions sp\u00e9cialis\u00e9es dans le transport, la logistique et l'entreposage, Armour est l\u00e0 pour r\u00e9pondre \u00e0 tous vos besoins en mati\u00e8re de cha\u00eene d'approvisionnement dans toute l'Am\u00e9rique du Nord.","og_url":"https:\/\/armour.ca\/fr\/supplement-carburant\/","og_site_name":"Armour Transportation Systems","article_publisher":"https:\/\/www.facebook.com\/armourtransport1\/","article_modified_time":"2024-12-20T00:10:33+00:00","twitter_card":"summary_large_image","schema":{"@context":"https:\/\/schema.org","@graph":[{"@type":"WebPage","@id":"https:\/\/armour.ca\/fr\/supplement-carburant\/","url":"https:\/\/armour.ca\/fr\/supplement-carburant\/","name":"Suppl\u00e9ment carburant | Armour Transportation","isPartOf":{"@id":"https:\/\/armour.ca\/fr\/#website"},"datePublished":"2024-06-03T18:37:25+00:00","dateModified":"2024-12-20T00:10:33+00:00","description":"Avec des divisions sp\u00e9cialis\u00e9es dans le transport, la logistique et l'entreposage, Armour est l\u00e0 pour r\u00e9pondre \u00e0 tous vos besoins en mati\u00e8re de cha\u00eene d'approvisionnement dans toute l'Am\u00e9rique du Nord.","breadcrumb":{"@id":"https:\/\/armour.ca\/fr\/supplement-carburant\/#breadcrumb"},"inLanguage":"fr-FR","potentialAction":[{"@type":"ReadAction","target":["https:\/\/armour.ca\/fr\/supplement-carburant\/"]}]},{"@type":"BreadcrumbList","@id":"https:\/\/armour.ca\/fr\/supplement-carburant\/#breadcrumb","itemListElement":[{"@type":"ListItem","position":1,"name":"Home","item":"https:\/\/armour.ca\/fr\/accueil\/"},{"@type":"ListItem","position":2,"name":"Suppl\u00e9ment carburant"}]},{"@type":"WebSite","@id":"https:\/\/armour.ca\/fr\/#website","url":"https:\/\/armour.ca\/fr\/","name":"Seaboard","description":"","publisher":{"@id":"https:\/\/armour.ca\/fr\/#organization"},"potentialAction":[{"@type":"SearchAction","target":{"@type":"EntryPoint","urlTemplate":"https:\/\/armour.ca\/fr\/?s={search_term_string}"},"query-input":{"@type":"PropertyValueSpecification","valueRequired":true,"valueName":"search_term_string"}}],"inLanguage":"fr-FR"},{"@type":"Organization","@id":"https:\/\/armour.ca\/fr\/#organization","name":"Seaboard","url":"https:\/\/armour.ca\/fr\/","logo":{"@type":"ImageObject","inLanguage":"fr-FR","@id":"https:\/\/armour.ca\/fr\/#\/schema\/logo\/image\/","url":"https:\/\/dev.trypmserver.com\/seaboard\/wp-content\/uploads\/2023\/11\/logo.png","contentUrl":"https:\/\/dev.trypmserver.com\/seaboard\/wp-content\/uploads\/2023\/11\/logo.png","width":344,"height":52,"caption":"Seaboard"},"image":{"@id":"https:\/\/armour.ca\/fr\/#\/schema\/logo\/image\/"},"sameAs":["https:\/\/www.facebook.com\/armourtransport1\/"]}]}},"_links":{"self":[{"href":"https:\/\/armour.ca\/fr\/wp-json\/wp\/v2\/pages\/1434","targetHints":{"allow":["GET"]}}],"collection":[{"href":"https:\/\/armour.ca\/fr\/wp-json\/wp\/v2\/pages"}],"about":[{"href":"https:\/\/armour.ca\/fr\/wp-json\/wp\/v2\/types\/page"}],"author":[{"embeddable":true,"href":"https:\/\/armour.ca\/fr\/wp-json\/wp\/v2\/users\/1"}],"replies":[{"embeddable":true,"href":"https:\/\/armour.ca\/fr\/wp-json\/wp\/v2\/comments?post=1434"}],"version-history":[{"count":1,"href":"https:\/\/armour.ca\/fr\/wp-json\/wp\/v2\/pages\/1434\/revisions"}],"predecessor-version":[{"id":1455,"href":"https:\/\/armour.ca\/fr\/wp-json\/wp\/v2\/pages\/1434\/revisions\/1455"}],"wp:attachment":[{"href":"https:\/\/armour.ca\/fr\/wp-json\/wp\/v2\/media?parent=1434"}],"curies":[{"name":"wp","href":"https:\/\/api.w.org\/{rel}","templated":true}]}}